{"id":10823,"date":"2017-09-04T15:55:56","date_gmt":"2017-09-04T13:55:56","guid":{"rendered":"https:\/\/vivoverde.com\/?page_id=10823"},"modified":"2021-07-14T22:05:09","modified_gmt":"2021-07-14T20:05:09","slug":"privacy-policy","status":"publish","type":"page","link":"https:\/\/vivoverde.com\/it\/privacy-policy\/","title":{"rendered":"Privacy Policy"},"content":{"rendered":"<p>[vc_row center_bck_image=&#8221;no&#8221;][vc_column]<div class=\"eltd-section-title-outer-holder\" style=\"text-align: left\">\n\t<div class=\"eltd-section-title-title-holder\">\n\t\t<span class=\"eltd-section-title\" style=\";;;;;\">\n\t\t\tnormativa sulla privacy\t\t<\/span>\n\t<\/div>\n    <span class=\"eltd-title-separator eltd-enable-separator\" ><\/span>\n\n\t<div class=\"eltd-section-subtitle-holder\">\n\t\t<span class=\"eltd-section-subtitle\" style=\";;;;;\">\n\t\t\t\t\t<\/span>\n\t<\/div>\n\n<\/div>[vc_empty_space height=&#8221;30px&#8221;][vc_column_text]<\/p>\n<p style=\"text-align: left;\"><strong>Informativa ai sensi dell&#8217;art. 13 del Codice della Privacy<\/strong><\/p>\n<p style=\"text-align: left;\">Ai sensi dell&#8217;articolo 13 del codice della D.Lgs. 196\/2003, vi rendiamo le seguenti informazioni.<br \/>\n[vc_empty_space height=&#8221;2px&#8221;]<br \/>\n<strong>Finalit\u00e0 del trattamento<\/strong><\/p>\n<p style=\"text-align: left;\">I dati possono essere raccolti per una o pi\u00f9 delle seguenti finalit\u00e0:<\/p>\n<ol style=\"text-align: left;\">\n<li>fornire l&#8217;accesso ad aree riservate del Portale e all&#8217;invio di comunicazioni anche di carattere commerciale, notizie, aggiornamenti sulle iniziative di VivoVerde;<\/li>\n<li>eseguire gli obblighi previsti da leggi o regolamenti;<\/li>\n<li>gestione contatti.<\/li>\n<\/ol>\n<p style=\"text-align: left;\">[vc_empty_space height=&#8221;2px&#8221;]<br \/>\n<strong>Modalit\u00e0 del trattamento<\/strong><\/p>\n<p style=\"text-align: left;\">I dati verranno trattati con le seguenti modalit\u00e0:<\/p>\n<ol style=\"text-align: left;\">\n<li>raccolta dati con modalit\u00e0 single-opt, in apposito database;<\/li>\n<li>organizzazione degli archivi in forma prevalentemente automatizzata, ai sensi del Disciplinare Tecnico in materia di misure minime di sicurezza, Allegato B del Codice della Privacy.<\/li>\n<\/ol>\n<p style=\"text-align: left;\">[vc_empty_space height=&#8221;2px&#8221;]<br \/>\n<strong>Natura obbligatoria<\/strong><\/p>\n<p style=\"text-align: left;\">Tutti i dati richiesti sono obbligatori.<\/p>\n<p style=\"text-align: left;\">Soggetti a cui dati potranno essere comunicati i dati personali<\/p>\n<p style=\"text-align: left;\">I dati raccolti potranno essere comunicati a:<\/p>\n<ol style=\"text-align: left;\">\n<li>soggetti che debbano avere accesso ai dati, come da norme di legge o di normative secondarie e\/o comunitarie.<\/li>\n<\/ol>\n<p style=\"text-align: left;\">[vc_empty_space height=&#8221;2px&#8221;]<br \/>\n<strong>Diritti dell&#8217;interessato<\/strong><\/p>\n<p style=\"text-align: left;\">Ai sensi ai sensi dell&#8217;art. 7 (Diritto di accesso ai dati personali ed altri diritti) del Codice della Privacy, vi segnaliamo che i vostri diritti in ordine al trattamento dei dati sono:<\/p>\n<ul style=\"text-align: left;\">\n<li>conoscere, mediante accesso gratuito l&#8217;esistenza di trattamenti di dati che possano riguardarvi;<\/li>\n<li>essere informati sulla natura e sulle finalit\u00e0 del trattamento<\/li>\n<li>ottenere a cura del titolare, senza ritardo:\n<ul>\n<li>la conferma dell&#8217;esistenza o meno di dati personali che vi riguardano, anche se non ancora registrati, e la comunicazione in forma intellegibile dei medesimi dati e della loro origine, nonch\u00e9 della logica e delle finalit\u00e0 su cui si basa il trattamento; la richiesta pu\u00f2 essere rinnovata, salva l&#8217;esistenza di giustificati motivi, con intervallo non minore di novanta giorni;<\/li>\n<li>la cancellazione, la trasformazione in forma anonima o il blocco dei dati trattati in violazione di legge, compresi quelli di cui non \u00e8 necessaria la conservazione in relazione agli scopi per i quali i dati sono stati raccolti o successivamente trattati;<\/li>\n<li>l&#8217;aggiornamento, la rettifica ovvero, qualora vi abbia interesse, l&#8217;integrazione dei dati esistenti;<\/li>\n<\/ul>\n<\/li>\n<li>opporvi in tutto o in parte per motivi legittimi al trattamento dei dati personali che vi riguardano ancorch\u00e9 pertinenti allo scopo della raccolta;<\/li>\n<li>Vi segnaliamo che il titolare del trattamento ad ogni effetto di legge \u00e8: <strong>VivoVerde<\/strong> &#8211; e-mail: <a href=\"mailto:info@vivoverde.com\" target=\"_blank\" rel=\"noopener\">info@vivoverde.com<\/a><\/li>\n<\/ul>\n<p style=\"text-align: left;\">Per esercitare i diritti previsti all&#8217;art. 7 del Codice della Privacy ovvero per la cancellazione dei vostri dati dall&#8217;archivio, \u00e8 sufficiente contattarci attraverso uno dei canali messi a disposizione.<br \/>\nTutti i dati sono protetti attraverso l&#8217;uso di antivirus, firewall e protezione attraverso password.<\/p>\n<p>[\/vc_column_text][\/vc_column][vc_column][\/vc_column][\/vc_row]<\/p>\n","protected":false},"excerpt":{"rendered":"<p>[vc_row center_bck_image=&#8221;no&#8221;][vc_column][vc_empty_space height=&#8221;30px&#8221;][vc_column_text] Informativa ai sensi dell&#8217;art. 13 del Codice della Privacy Ai sensi dell&#8217;articolo 13 del codice della D.Lgs. 196\/2003, vi rendiamo le seguenti informazioni. [vc_empty_space height=&#8221;2px&#8221;] Finalit\u00e0 del trattamento I dati possono essere raccolti per una o pi\u00f9 delle seguenti finalit\u00e0: fornire l&#8217;accesso&#8230;<\/p>\n","protected":false},"author":5,"featured_media":0,"parent":0,"menu_order":9,"comment_status":"closed","ping_status":"closed","template":"","meta":{"_acf_changed":false,"footnotes":""},"class_list":["post-10823","page","type-page","status-publish","hentry"],"acf":[],"_links":{"self":[{"href":"https:\/\/vivoverde.com\/it\/wp-json\/wp\/v2\/pages\/10823","targetHints":{"allow":["GET"]}}],"collection":[{"href":"https:\/\/vivoverde.com\/it\/wp-json\/wp\/v2\/pages"}],"about":[{"href":"https:\/\/vivoverde.com\/it\/wp-json\/wp\/v2\/types\/page"}],"author":[{"embeddable":true,"href":"https:\/\/vivoverde.com\/it\/wp-json\/wp\/v2\/users\/5"}],"replies":[{"embeddable":true,"href":"https:\/\/vivoverde.com\/it\/wp-json\/wp\/v2\/comments?post=10823"}],"version-history":[{"count":32,"href":"https:\/\/vivoverde.com\/it\/wp-json\/wp\/v2\/pages\/10823\/revisions"}],"predecessor-version":[{"id":11806,"href":"https:\/\/vivoverde.com\/it\/wp-json\/wp\/v2\/pages\/10823\/revisions\/11806"}],"wp:attachment":[{"href":"https:\/\/vivoverde.com\/it\/wp-json\/wp\/v2\/media?parent=10823"}],"curies":[{"name":"wp","href":"https:\/\/api.w.org\/{rel}","templated":true}]}}