{"id":11034,"date":"2017-09-06T16:49:06","date_gmt":"2017-09-06T14:49:06","guid":{"rendered":"https:\/\/vivoverde.com\/?page_id=11034"},"modified":"2021-07-14T22:03:06","modified_gmt":"2021-07-14T20:03:06","slug":"cose-la-land-art","status":"publish","type":"page","link":"https:\/\/vivoverde.com\/it\/cose-la-land-art\/","title":{"rendered":"cos&#8217;\u00e8 la land art"},"content":{"rendered":"<p>[vc_row center_bck_image=&#8221;no&#8221;][vc_column]<div class=\"eltd-section-title-outer-holder\" style=\"text-align: left\">\n\t<div class=\"eltd-section-title-title-holder\">\n\t\t<span class=\"eltd-section-title\" style=\";;;;;\">\n\t\t\tgabriele meneguzzi e vincenzo sponga: la nostra land art\t\t<\/span>\n\t<\/div>\n    <span class=\"eltd-title-separator eltd-enable-separator\" ><\/span>\n\n\t<div class=\"eltd-section-subtitle-holder\">\n\t\t<span class=\"eltd-section-subtitle\" style=\";;;;;\">\n\t\t\t\t\t<\/span>\n\t<\/div>\n\n<\/div>[vc_empty_space height=&#8221;30px&#8221;][vc_column_text]L&#8217;ambiente naturale \u00e8 inconsapevole del suo aspetto a volte dolce e talvolta violento, e l&#8217;uomo ha sempre usato questa tela pre-dipinta per esperimentare emozioni trasformabili.<br \/>\nIl movimento &#8220;land-artistico&#8221; nasce proprio per una sorta di esigenza rivoluzionaria che ha portato verso una nuova forma d&#8217;Arte e specialmente la scoperta e l&#8217;accettazione del non possesso dell&#8217;opera prodotta. Quasi impossibile quindi come proposta per gallerie o appassionati d&#8217;Arte.<\/p>\n<p>Oggi possiamo gi\u00e0 leggere nelle opere di un land-artista la matrice da lui stesso usata per realizzare un&#8217;opera di Land Art, che per sommi capi possiamo distinguere in:<br \/>\nconcettuale, qualora all&#8217;interno dell&#8217;opera vi siano dei forti ed evidenti contenuti legati alla vita dell&#8217;uomo (come legare il concetto uomo-terra-cielo, o le attivit\u00e0 umane legate all&#8217;energia, ecc\u2026) astratta, quando l&#8217;insieme dell&#8217;opera comunque non \u00e8 riconducibile a forme conosciute o riconoscibili; formale, quando volutamente riproduce forme note o riconoscibili.<\/p>\n<p>Tutto ci\u00f2 comunque viene sempre dopo un iniziale punto di partenza che sar\u00e0 quello di scegliere la strada della &#8220;pura&#8221; Land Art, senza apporto di materiali estranei a quelli presenti sul luogo prescelto, oppure la strada dell&#8217;intervento ambientale, che invece comprende l&#8217;aggiunta e integrazione di materiali non naturali, quali possono essere il cemento, il ferro, la plastica, ecc&#8230;<br \/>\nNel primo caso l&#8217;artista usa esclusivamente materiali recuperabili sul posto, modificandoli e trasformandoli a suo piacimento e necessit\u00e0. Avremo cos\u00ec opere del massimo integralismo naturalistico nel primo caso, mentre nel secondo invece, avremo apporto di materiali alternativi che vanno sostanzialmente a modificare il quadro pre-esistente e a volte in forma definitiva.<\/p>\n<p>Noi abbiamo scelto di lavorare con materiali naturali, e quindi il nostro ideare prima, e operare poi in Natura, viene obbligatoriamente dopo la scelta dello spazio (il quadro Naturale). Sar\u00e0 sempre un&#8217;opera creata quindi con i materiali che la Natura ci permette di usare e reperiti nello spazio circostante.<br \/>\nLa tela, (il quadro Naturale), ovvero lo spazio utilizzato dall&#8217;Uomo-artista, si ricompone poi nel tempo per permettere un nuovo gioco, con idee nuove, con anche un confronto a distanza di maturit\u00e0 nuove, totalmente diverse dalla precedente opera.<\/p>\n<p>\u00c8 pertanto indispensabile una profonda conoscenza dei materiali naturali e della loro trasformazione nel tempo innanzitutto, e subito dopo la &#8220;non paura&#8221; delle tecniche costruttive che quasi sempre si presentano nuove essendo ogni opera essenzialmente diversa in idea, materiali e spazio.<\/p>\n<p>Per noi il luogo \u00e8 sempre il nostro punto di partenza; \u00e8 il quadro esistente che ci deve parlare prima di tutto; praticamente &#8220;ci chiama&#8221; per dirci che l\u00ec possiamo giocare.<br \/>\nCosa fare viene per secondo, e normalmente l&#8217;idea arriva in brevissimo tempo quasi sempre molto chiara e molto forte e sar\u00e0 sempre realizzata con i materiali esistenti e recuperabili nello spazio scelto.<br \/>\nCome (ovvero le tecniche di lavoro per) realizzare l&#8217;idea \u00e8 per noi la parte decisamente ultima, poich\u00e9 consideriamo le problematiche tecniche per quello che sono: mezzi. Mezzi che servono per il raggiungimento dello scopo, in questo caso l&#8217;idea, l&#8217;opera, che non sar\u00e0 modificata mai dal flash creativo iniziale e in nessun dettaglio, non importa quali siano le problematiche tecniche (a volte veramente insormontabili) che si presentano numerose e sempre nuove, essendo le idee ogni volta profondamente diverse.<br \/>\nIl nostro personale percorso ci ha portato verso una forma di Land Art maggiormente fruibile, in totale opposizione ai grandi spazi dell&#8217;America degli anni &#8217;60 sempre di difficile raggiungimento. Il nostro fare \u00e8 assolutamente mimetico e profondamente integrato con il luogo naturale.<br \/>\nSe il deserto ed i grandi spazi non antropizzati erano divenuti luoghi d&#8217;azione per gli artisti Americani, per il nostro fare, i luoghi privilegiati sono il bosco, il giardino, il letto del fiume, l&#8217;aria, e comunque spazi facilmente raggiungibili e di pi\u00f9 facile visibilit\u00e0, fino ad arrivare agli interni. Nei nostri lavori cerchiamo sempre di privilegiare la relazione tra l&#8217;opera ed il luogo, invitando l&#8217;osservatore a rivalutare con un occhio nuovo lo spazio circostante, piuttosto che creare opere autoreferenziali (ovvero opere che mostrano solo se stesse). Non cerchiamo mai di far credere comunque che l&#8217;opera sia &#8220;parte della Natura&#8221;, ma vogliamo che comunque mantenga, e orgogliosamente anche, il valore di &#8220;segno umano&#8221;, senza che questo sia comunque prevaricante, aggressivo, impositivo. Ci piace anche ironizzare, e ancor di pi\u00f9 non suggerire titoli in prima battuta, affinch\u00e9 ciascuno possa fantasticare e spaziare a proprio agio se preso dall&#8217;emozione di una quasi scoperta. Poi il visitatore pu\u00f2 anche conoscere il nostro punto di vista, che in questo modo gli permette di non plagiare la sua primaria emozione di fronte all&#8217;opera creata.[\/vc_column_text][\/vc_column][\/vc_row][vc_row center_bck_image=&#8221;no&#8221;][vc_column][vc_empty_space height=&#8221;50px&#8221;][\/vc_column][\/vc_row][vc_row center_bck_image=&#8221;no&#8221;][vc_column][vc_raw_html]JTNDZGl2JTIwY2xhc3MlM0QlMjJidG5zcGVjaWFsbmF2JTIyJTNFJTNDYSUyMGhyZWYlM0QlMjIlMkZjaGktc2lhbW8lMkYlMjIlM0VjaGklMjBzaWFtbyUzQyUyRmElM0UlM0NhJTIwaHJlZiUzRCUyMiUyRmdhYnJpZWxlLWUtdmluY2Vuem8lMkYlMjIlM0VnYWJyaWVsZSUyMGUlMjB2aW5jZW56byUzQyUyRmElM0UlM0NhJTIwaHJlZiUzRCUyMiUyRmN1cnJpY3VsdW0tYXJ0aXN0aWNvJTJGJTIyJTNFY3VycmljdWx1bSUyMGFydGlzdGljbyUzQyUyRmElM0UlM0MlMkZkaXYlM0U=[\/vc_raw_html][\/vc_column][\/vc_row]<\/p>","protected":false},"excerpt":{"rendered":"<p>[vc_row center_bck_image=&#8221;no&#8221;][vc_column][vc_empty_space height=&#8221;30px&#8221;][vc_column_text]L&#8217;ambiente naturale \u00e8 inconsapevole del suo aspetto a volte dolce e talvolta violento, e l&#8217;uomo ha sempre usato questa tela pre-dipinta per esperimentare emozioni trasformabili. Il movimento &#8220;land-artistico&#8221; nasce proprio per una sorta di esigenza rivoluzionaria che ha portato verso una nuova forma&#8230;<\/p>\n","protected":false},"author":5,"featured_media":0,"parent":0,"menu_order":2,"comment_status":"closed","ping_status":"closed","template":"","meta":{"_acf_changed":false,"footnotes":""},"class_list":["post-11034","page","type-page","status-publish","hentry"],"acf":[],"_links":{"self":[{"href":"https:\/\/vivoverde.com\/it\/wp-json\/wp\/v2\/pages\/11034","targetHints":{"allow":["GET"]}}],"collection":[{"href":"https:\/\/vivoverde.com\/it\/wp-json\/wp\/v2\/pages"}],"about":[{"href":"https:\/\/vivoverde.com\/it\/wp-json\/wp\/v2\/types\/page"}],"author":[{"embeddable":true,"href":"https:\/\/vivoverde.com\/it\/wp-json\/wp\/v2\/users\/5"}],"replies":[{"embeddable":true,"href":"https:\/\/vivoverde.com\/it\/wp-json\/wp\/v2\/comments?post=11034"}],"version-history":[{"count":10,"href":"https:\/\/vivoverde.com\/it\/wp-json\/wp\/v2\/pages\/11034\/revisions"}],"predecessor-version":[{"id":11719,"href":"https:\/\/vivoverde.com\/it\/wp-json\/wp\/v2\/pages\/11034\/revisions\/11719"}],"wp:attachment":[{"href":"https:\/\/vivoverde.com\/it\/wp-json\/wp\/v2\/media?parent=11034"}],"curies":[{"name":"wp","href":"https:\/\/api.w.org\/{rel}","templated":true}]}}